{"id":3534,"date":"2016-09-17T09:15:59","date_gmt":"2016-09-17T09:15:59","guid":{"rendered":"http:\/\/phspot.ch\/blog\/index.php\/"},"modified":"2016-09-17T09:15:59","modified_gmt":"2016-09-17T09:15:59","slug":"opening-hours","status":"publish","type":"page","link":"https:\/\/phspot.ch\/blog\/index.php\/opening-hours\/","title":{"rendered":"Opening hours"},"content":{"rendered":"<p><span style=\"text-decoration: underline;\">Metairies Region Neuch\u00e2tel:<\/span><\/p>\n<p>2016.09.02:<br \/>\nd&#8217;Aarberg: ferm\u00e9 dimanche des 18:00 et lundi<br \/>\nde Chuffort: ferm\u00e9 mardi<br \/>\nde l&#8217;Isle: ferm\u00e9 le mercredi toute la journ\u00e9e et le jeudi<\/p>\n<p>2016.08.01:<br \/>\nd&#8217;Aarberg:<br \/>\nmardi-vendredi: 10-22:30<br \/>\nsamedi: 10-23<br \/>\ndimanche: 10-18<br \/>\nde Chuffort: ferm\u00e9 lundi soir et le mardi<br \/>\nde l&#8217;Isle: juillet \u00e0 ao\u00fbt 7j\/7<\/p>\n<p>2016.04.17<br \/>\nd&#8217;Aarberg: ferm\u00e9 lundi<br \/>\nde Chuffort: ferm\u00e9 mardi<br \/>\nde l&#8217;Isle: ouvert de novembre \u00e0 mi-mars tous les week-ends<\/p>\n","protected":false},"excerpt":{"rendered":"<p>Metairies Region Neuch\u00e2tel: 2016.09.02: d&#8217;Aarberg: ferm\u00e9 dimanche des 18:00 et lundi de Chuffort: ferm\u00e9 mardi de l&#8217;Isle: ferm\u00e9 le mercredi toute la journ\u00e9e et le jeudi 2016.08.01: d&#8217;Aarberg: mardi-vendredi: 10-22:30 samedi: 10-23 dimanche: 10-18 de Chuffort: ferm\u00e9 lundi soir et le mardi de l&#8217;Isle: juillet \u00e0 ao\u00fbt 7j\/7 2016.04.17 d&#8217;Aarberg: ferm\u00e9 lundi de Chuffort: ferm\u00e9 [&hellip;]<\/p>\n","protected":false},"author":1,"featured_media":0,"parent":0,"menu_order":0,"comment_status":"closed","ping_status":"closed","template":"","meta":{"_et_pb_use_builder":"","_et_pb_old_content":"","_et_gb_content_width":"","footnotes":""},"class_list":["post-3534","page","type-page","status-publish","hentry"],"jetpack_sharing_enabled":true,"_links":{"self":[{"href":"https:\/\/phspot.ch\/blog\/index.php\/wp-json\/wp\/v2\/pages\/3534","targetHints":{"allow":["GET"]}}],"collection":[{"href":"https:\/\/phspot.ch\/blog\/index.php\/wp-json\/wp\/v2\/pages"}],"about":[{"href":"https:\/\/phspot.ch\/blog\/index.php\/wp-json\/wp\/v2\/types\/page"}],"author":[{"embeddable":true,"href":"https:\/\/phspot.ch\/blog\/index.php\/wp-json\/wp\/v2\/users\/1"}],"replies":[{"embeddable":true,"href":"https:\/\/phspot.ch\/blog\/index.php\/wp-json\/wp\/v2\/comments?post=3534"}],"version-history":[{"count":0,"href":"https:\/\/phspot.ch\/blog\/index.php\/wp-json\/wp\/v2\/pages\/3534\/revisions"}],"wp:attachment":[{"href":"https:\/\/phspot.ch\/blog\/index.php\/wp-json\/wp\/v2\/media?parent=3534"}],"curies":[{"name":"wp","href":"https:\/\/api.w.org\/{rel}","templated":true}]}}