{"id":10269,"date":"2023-05-02T09:39:20","date_gmt":"2023-05-02T07:39:20","guid":{"rendered":"https:\/\/phspot.ch\/blog\/?page_id=10269"},"modified":"2023-05-02T09:39:52","modified_gmt":"2023-05-02T07:39:52","slug":"usa-beenden-covid-19-impfpflicht-fur-touristen","status":"publish","type":"page","link":"https:\/\/phspot.ch\/blog\/index.php\/travel-tips\/usa-beenden-covid-19-impfpflicht-fur-touristen\/","title":{"rendered":"USA beenden COVID-19-Impfpflicht f\u00fcr Touristen"},"content":{"rendered":"<p>[et_pb_section fb_built=&#8221;1&#8243; theme_builder_area=&#8221;post_content&#8221; _builder_version=&#8221;4.21.0&#8243; _module_preset=&#8221;default&#8221;][et_pb_row _builder_version=&#8221;4.21.0&#8243; _module_preset=&#8221;default&#8221; theme_builder_area=&#8221;post_content&#8221;][et_pb_column _builder_version=&#8221;4.21.0&#8243; _module_preset=&#8221;default&#8221; type=&#8221;4_4&#8243; theme_builder_area=&#8221;post_content&#8221;][et_pb_text _builder_version=&#8221;4.21.0&#8243; _module_preset=&#8221;default&#8221; theme_builder_area=&#8221;post_content&#8221; hover_enabled=&#8221;0&#8243; sticky_enabled=&#8221;0&#8243;]<\/p>\n<p>Am 1. Mai 2023 k\u00fcndigten die US-Regierungsbeh\u00f6rden an, dass internationale Reisende (Nicht-US-B\u00fcrger\/Einwohner) bei der Einreise in das Land keinen Nachweis \u00fcber eine COVID-19-Impfung mehr erbringen m\u00fcssen.<\/p>\n<p>Diese Vorschrift galt mehrere Jahre lang und wurde alle drei Monate um weitere drei Monate verl\u00e4ngert, bis sie vor kurzem nur noch um einen Monat und einen Tag bis zum 11. Mai 2023 verl\u00e4ngert wurde. Nun ist es offiziell, Pressemitteilungen best\u00e4tigen, dass ab dem 12. Mai 2023 kein Impfnachweis mehr f\u00fcr die Einreise in die USA erforderlich ist.<\/p>\n<p>Lesen Sie die offizielle Ank\u00fcndigung f\u00fcr Flugreisen hier:<\/p>\n<p><a href=\"https:\/\/www.whitehouse.gov\/briefing-room\/statements-releases\/2023\/05\/01\/the-biden-administration-will-end-covid-19-vaccination-requirements-for-federal-employees-contractors-international-travelers-head-start-educators-and-cms-certified-facilities\/\">https:\/\/www.whitehouse.gov\/briefing-room\/statements-releases\/2023\/05\/01\/the-biden-administration-will-end-covid-19-vaccination-requirements-for-federal-employees-contractors-international-travelers-head-start-educators-and-cms-certified-facilities\/<\/a><\/p>\n<p>und hier bez\u00fcglich der Einreiseh\u00e4fen auf dem Landweg und auf F\u00e4hren:<\/p>\n<p><a href=\"https:\/\/www.dhs.gov\/news\/2023\/05\/01\/dhs-statement-lifting-title-19-requirements\">https:\/\/www.dhs.gov\/news\/2023\/05\/01\/dhs-statement-lifting-title-19-requirements<\/a><\/p>\n<p>Viel Spa\u00df beim Reisen <img decoding=\"async\" src=\"https:\/\/phspot.ch\/blog\/wp-content\/plugins\/divi-builder\/includes\/builder\/frontend-builder\/assets\/vendors\/plugins\/emoticons\/img\/smiley-cool.gif\" alt=\"cool\" \/><\/p>\n<p>[\/et_pb_text][\/et_pb_column][\/et_pb_row][\/et_pb_section]<\/p>\n","protected":false},"excerpt":{"rendered":"<p>Am 1. Mai 2023 k\u00fcndigten die US-Regierungsbeh\u00f6rden&#8230;<\/p>\n","protected":false},"author":1,"featured_media":0,"parent":10257,"menu_order":0,"comment_status":"closed","ping_status":"closed","template":"","meta":{"_et_pb_use_builder":"on","_et_pb_old_content":"","_et_gb_content_width":"","footnotes":""},"class_list":["post-10269","page","type-page","status-publish","hentry"],"jetpack_sharing_enabled":true,"_links":{"self":[{"href":"https:\/\/phspot.ch\/blog\/index.php\/wp-json\/wp\/v2\/pages\/10269","targetHints":{"allow":["GET"]}}],"collection":[{"href":"https:\/\/phspot.ch\/blog\/index.php\/wp-json\/wp\/v2\/pages"}],"about":[{"href":"https:\/\/phspot.ch\/blog\/index.php\/wp-json\/wp\/v2\/types\/page"}],"author":[{"embeddable":true,"href":"https:\/\/phspot.ch\/blog\/index.php\/wp-json\/wp\/v2\/users\/1"}],"replies":[{"embeddable":true,"href":"https:\/\/phspot.ch\/blog\/index.php\/wp-json\/wp\/v2\/comments?post=10269"}],"version-history":[{"count":2,"href":"https:\/\/phspot.ch\/blog\/index.php\/wp-json\/wp\/v2\/pages\/10269\/revisions"}],"predecessor-version":[{"id":10272,"href":"https:\/\/phspot.ch\/blog\/index.php\/wp-json\/wp\/v2\/pages\/10269\/revisions\/10272"}],"up":[{"embeddable":true,"href":"https:\/\/phspot.ch\/blog\/index.php\/wp-json\/wp\/v2\/pages\/10257"}],"wp:attachment":[{"href":"https:\/\/phspot.ch\/blog\/index.php\/wp-json\/wp\/v2\/media?parent=10269"}],"curies":[{"name":"wp","href":"https:\/\/api.w.org\/{rel}","templated":true}]}}