{"id":10263,"date":"2023-05-02T09:32:51","date_gmt":"2023-05-02T07:32:51","guid":{"rendered":"https:\/\/phspot.ch\/blog\/?page_id=10263"},"modified":"2023-05-02T09:32:51","modified_gmt":"2023-05-02T07:32:51","slug":"les-etats-unis-mettent-fin-a-lobligation-de-vaccination-contre-le-virus-covid-19-pour-les-touristes","status":"publish","type":"page","link":"https:\/\/phspot.ch\/blog\/index.php\/travel-tips\/les-etats-unis-mettent-fin-a-lobligation-de-vaccination-contre-le-virus-covid-19-pour-les-touristes\/","title":{"rendered":"Les \u00c9tats-Unis mettent fin \u00e0 l&#8217;obligation de vaccination contre le virus COVID-19 pour les touristes"},"content":{"rendered":"<p>[et_pb_section fb_built=&#8221;1&#8243; theme_builder_area=&#8221;post_content&#8221; _builder_version=&#8221;4.21.0&#8243; _module_preset=&#8221;default&#8221;][et_pb_row _builder_version=&#8221;4.21.0&#8243; _module_preset=&#8221;default&#8221; theme_builder_area=&#8221;post_content&#8221;][et_pb_column _builder_version=&#8221;4.21.0&#8243; _module_preset=&#8221;default&#8221; type=&#8221;4_4&#8243; theme_builder_area=&#8221;post_content&#8221;][et_pb_text _builder_version=&#8221;4.21.0&#8243; _module_preset=&#8221;default&#8221; theme_builder_area=&#8221;post_content&#8221; hover_enabled=&#8221;0&#8243; sticky_enabled=&#8221;0&#8243;]<\/p>\n<p>Le 1er mai 2023, les agences gouvernementales des \u00c9tats-Unis ont annonc\u00e9 la fin de l&#8217;obligation pour les voyageurs internationaux (non citoyens\/r\u00e9sidents am\u00e9ricains) de pr\u00e9senter une preuve de vaccination contre le virus COVID-19 pour entrer dans le pays.<\/p>\n<p>Cette exigence a \u00e9t\u00e9 en place pendant plusieurs ann\u00e9es, prolong\u00e9e tous les trois mois pour trois mois suppl\u00e9mentaires, jusqu&#8217;\u00e0 ce qu&#8217;elle soit r\u00e9cemment prolong\u00e9e d&#8217;un mois et d&#8217;un jour, jusqu&#8217;au 11 mai 2023. Les communiqu\u00e9s de presse confirment qu&#8217;\u00e0 partir du 12 mai 2023, la preuve de vaccination ne sera plus exig\u00e9e pour entrer aux \u00c9tats-Unis.<\/p>\n<p>Lisez ici l&#8217;annonce officielle concernant les voyages en avion :<\/p>\n<p><a href=\"https:\/\/www.whitehouse.gov\/briefing-room\/statements-releases\/2023\/05\/01\/the-biden-administration-will-end-covid-19-vaccination-requirements-for-federal-employees-contractors-international-travelers-head-start-educators-and-cms-certified-facilities\/\">https:\/\/www.whitehouse.gov\/briefing-room\/statements-releases\/2023\/05\/01\/the-biden-administration-will-end-covid-19-vaccination-requirements-for-federal-employees-contractors-international-travelers-head-start-educators-and-cms-certified-facilities\/<\/a><\/p>\n<p>et ici en ce qui concerne les ports d&#8217;entr\u00e9e par voie terrestre et par ferry :<\/p>\n<p><a href=\"https:\/\/www.dhs.gov\/news\/2023\/05\/01\/dhs-statement-lifting-title-19-requirements\">https:\/\/www.dhs.gov\/news\/2023\/05\/01\/dhs-statement-lifting-title-19-requirements<\/a><\/p>\n<p>Bon voyage <img decoding=\"async\" src=\"https:\/\/phspot.ch\/blog\/wp-content\/plugins\/divi-builder\/includes\/builder\/frontend-builder\/assets\/vendors\/plugins\/emoticons\/img\/smiley-cool.gif\" alt=\"cool\" \/><\/p>\n<p>[\/et_pb_text][\/et_pb_column][\/et_pb_row][\/et_pb_section]<\/p>\n","protected":false},"excerpt":{"rendered":"<p>Le 1er mai 2023, les agences gouvernementales des&#8230;<\/p>\n","protected":false},"author":1,"featured_media":0,"parent":10257,"menu_order":0,"comment_status":"closed","ping_status":"closed","template":"","meta":{"_et_pb_use_builder":"on","_et_pb_old_content":"","_et_gb_content_width":"","footnotes":""},"class_list":["post-10263","page","type-page","status-publish","hentry"],"jetpack_sharing_enabled":true,"_links":{"self":[{"href":"https:\/\/phspot.ch\/blog\/index.php\/wp-json\/wp\/v2\/pages\/10263","targetHints":{"allow":["GET"]}}],"collection":[{"href":"https:\/\/phspot.ch\/blog\/index.php\/wp-json\/wp\/v2\/pages"}],"about":[{"href":"https:\/\/phspot.ch\/blog\/index.php\/wp-json\/wp\/v2\/types\/page"}],"author":[{"embeddable":true,"href":"https:\/\/phspot.ch\/blog\/index.php\/wp-json\/wp\/v2\/users\/1"}],"replies":[{"embeddable":true,"href":"https:\/\/phspot.ch\/blog\/index.php\/wp-json\/wp\/v2\/comments?post=10263"}],"version-history":[{"count":3,"href":"https:\/\/phspot.ch\/blog\/index.php\/wp-json\/wp\/v2\/pages\/10263\/revisions"}],"predecessor-version":[{"id":10268,"href":"https:\/\/phspot.ch\/blog\/index.php\/wp-json\/wp\/v2\/pages\/10263\/revisions\/10268"}],"up":[{"embeddable":true,"href":"https:\/\/phspot.ch\/blog\/index.php\/wp-json\/wp\/v2\/pages\/10257"}],"wp:attachment":[{"href":"https:\/\/phspot.ch\/blog\/index.php\/wp-json\/wp\/v2\/media?parent=10263"}],"curies":[{"name":"wp","href":"https:\/\/api.w.org\/{rel}","templated":true}]}}